{"id":14,"date":"2024-08-06T08:32:00","date_gmt":"2024-08-06T08:32:00","guid":{"rendered":"http:\/\/konsultacja.amaraclinics.pl\/?page_id=14"},"modified":"2024-08-07T05:23:06","modified_gmt":"2024-08-07T05:23:06","slug":"home","status":"publish","type":"page","link":"https:\/\/konsultacja.amaraclinics.pl\/","title":{"rendered":"Home"},"content":{"rendered":"\t\t<div data-elementor-type=\"wp-page\" data-elementor-id=\"14\" class=\"elementor elementor-14\" data-elementor-post-type=\"page\">\n\t\t\t\t<div class=\"elementor-element elementor-element-d520d69 e-flex e-con-boxed e-con e-parent\" data-id=\"d520d69\" data-element_type=\"container\" data-settings=\"{&quot;background_background&quot;:&quot;classic&quot;}\">\n\t\t\t\t\t<div class=\"e-con-inner\">\n\t\t\t\t<div class=\"elementor-element elementor-element-42a9e61 elementor-widget elementor-widget-heading\" data-id=\"42a9e61\" data-element_type=\"widget\" data-widget_type=\"heading.default\">\n\t\t\t\t<div class=\"elementor-widget-container\">\n\t\t\t\t\t<h1 class=\"elementor-heading-title elementor-size-default\">BOTOKSIARA, GLONOJAD, JASZCZUR, KARYKATURA, OD RAZU WIDA\u0106, \u017bE ZROBIONA<\/h1>\t\t\t\t<\/div>\n\t\t\t\t<\/div>\n\t\t\t\t\t<\/div>\n\t\t\t\t<\/div>\n\t\t<div class=\"elementor-element elementor-element-6c3a396 e-flex e-con-boxed e-con e-parent\" data-id=\"6c3a396\" data-element_type=\"container\">\n\t\t\t\t\t<div class=\"e-con-inner\">\n\t\t<div class=\"elementor-element elementor-element-68ca2a6 e-con-full e-flex e-con e-child\" data-id=\"68ca2a6\" data-element_type=\"container\">\n\t\t\t\t<div class=\"elementor-element elementor-element-e11a55c elementor-widget elementor-widget-shortcode\" data-id=\"e11a55c\" data-element_type=\"widget\" data-widget_type=\"shortcode.default\">\n\t\t\t\t<div class=\"elementor-widget-container\">\n\t\t\t\t\t\t\t<div class=\"elementor-shortcode\"><div class=\"wistia_responsive_padding\" style=\"padding:177.78% 0 0 0;position:relative;\"><div class=\"wistia_responsive_wrapper\" style=\"height:100%;left:0;position:absolute;top:0;width:100%;\"><iframe src=\"https:\/\/fast.wistia.net\/embed\/iframe\/2amm3japaf?seo=false&videoFoam=true\" title=\"Car video\" allow=\"autoplay; fullscreen\" allowtransparency=\"true\" frameborder=\"0\" scrolling=\"no\" class=\"wistia_embed\" name=\"wistia_embed\" msallowfullscreen width=\"100%\" height=\"100%\"><\/iframe><\/div><\/div>\n<script src=\"https:\/\/fast.wistia.net\/assets\/external\/E-v1.js\" async><\/script><\/div>\n\t\t\t\t\t\t<\/div>\n\t\t\t\t<\/div>\n\t\t\t\t<\/div>\n\t\t<div class=\"elementor-element elementor-element-a5c7815 e-con-full e-flex e-con e-child\" data-id=\"a5c7815\" data-element_type=\"container\">\n\t\t\t\t<div class=\"elementor-element elementor-element-e13db1b elementor-widget elementor-widget-heading\" data-id=\"e13db1b\" data-element_type=\"widget\" data-widget_type=\"heading.default\">\n\t\t\t\t<div class=\"elementor-widget-container\">\n\t\t\t\t\t<h2 class=\"elementor-heading-title elementor-size-default\">Medycyna estetyczna to nie s\u0105 tanie rzeczy<\/h2>\t\t\t\t<\/div>\n\t\t\t\t<\/div>\n\t\t\t\t<div class=\"elementor-element elementor-element-a7f9039 elementor-widget elementor-widget-text-editor\" data-id=\"a7f9039\" data-element_type=\"widget\" data-widget_type=\"text-editor.default\">\n\t\t\t\t<div class=\"elementor-widget-container\">\n\t\t\t\t\t\t\t\t\t <p>To tylko kilka z przyk\u0142ad\u00f3w przedstawiaj\u0105cych to co m\u00f3wi\u0105 o osobach korzystaj\u0105cych przesadzanie z medycyny estetycznej. A czy wiesz, \u017ce prawid\u0142owo dobrany i wykonany zabieg jest niewykrywalny go\u0142ym okiem?<\/p>\n        <p>Zatem dlaczego na ulicach ka\u017cdego wi\u0119kszego miasta mo\u017cna spotka\u0107 wiele kobiet, po kt\u00f3rych ewidentnie wida\u0107 ingerencje zabieg\u00f3w medycyny estetycznej? Dlaczego niekt\u00f3re kobiety pomimo wieku wygl\u0105daj\u0105 pi\u0119knie, m\u0142odo, a przede wszystkim naturalnie? Od czego to zale\u017cy? Od kwalifikowania si\u0119 na zabieg oraz dobrego lekarza!<\/p>\n        <p>I to jest w\u0142a\u015bnie podstawowy b\u0142\u0105d pacjenta! Zabieg, kt\u00f3ry pom\u00f3g\u0142 Twojej kole\u017cance niekoniecznie pomo\u017ce Tobie! Wykonuj\u0105c zabiegi, kt\u00f3rych nie potrzebujesz robisz sobie wi\u0119cej szkody ni\u017c po\u017cytku. \u0179le dobrany zabieg lub zabieg wykonany na \u017cyczenie pacjenta mo\u017ce przynie\u015b\u0107 odwrotne efekty.<\/p>\n        <p>Kobiety nadmiernie korzystaj\u0105ce z us\u0142ug medycyny estetycznej lub oddaj\u0105ce si\u0119 w r\u0119ce lekarzy, kt\u00f3rzy nie potrafi\u0105 powiedzie\u0107 \u201cNIE\u201d wygl\u0105daj\u0105 nienaturalnie, a zabiegi, kt\u00f3re z za\u0142o\u017cenia mia\u0142y je odm\u0142odzi\u0107 w rezultacie dodaj\u0105 im lat.<\/p>\t\t\t\t\t\t\t\t<\/div>\n\t\t\t\t<\/div>\n\t\t\t\t<\/div>\n\t\t\t\t\t<\/div>\n\t\t\t\t<\/div>\n\t\t<div class=\"elementor-element elementor-element-902c854 e-flex e-con-boxed e-con e-parent\" data-id=\"902c854\" data-element_type=\"container\">\n\t\t\t\t\t<div class=\"e-con-inner\">\n\t\t<div class=\"elementor-element elementor-element-c2402f1 e-con-full e-flex e-con e-child\" data-id=\"c2402f1\" data-element_type=\"container\">\n\t\t\t\t<div class=\"elementor-element elementor-element-586a4b8 elementor-widget elementor-widget-heading\" data-id=\"586a4b8\" data-element_type=\"widget\" data-widget_type=\"heading.default\">\n\t\t\t\t<div class=\"elementor-widget-container\">\n\t\t\t\t\t<h2 class=\"elementor-heading-title elementor-size-default\">Konsultacja jest kluczowa<\/h2>\t\t\t\t<\/div>\n\t\t\t\t<\/div>\n\t\t\t\t<div class=\"elementor-element elementor-element-0009773 elementor-widget elementor-widget-text-editor\" data-id=\"0009773\" data-element_type=\"widget\" data-widget_type=\"text-editor.default\">\n\t\t\t\t<div class=\"elementor-widget-container\">\n\t\t\t\t\t\t\t\t\t<p>Medycyna estetyczna to nie s\u0105 tanie rzeczy, w sk\u0142ad ceny wizyty u lekarza wchodzi nie tylko wykonanie zabiegu, ale r\u00f3wnie\u017c ekspertyza lekarza. Id\u0105c do lekarza rodzinnego nie m\u00f3wisz mu jaki proces leczenia ma zastosowa\u0107 wi\u0119c dlaczego robisz to u lekarza medycyny estetycznej?<\/p>\t\t\t\t\t\t\t\t<\/div>\n\t\t\t\t<\/div>\n\t\t\t\t<div class=\"elementor-element elementor-element-7583871 elementor-align-left elementor-widget elementor-widget-button\" data-id=\"7583871\" data-element_type=\"widget\" data-widget_type=\"button.default\">\n\t\t\t\t<div class=\"elementor-widget-container\">\n\t\t\t\t\t\t\t\t\t<div class=\"elementor-button-wrapper\">\n\t\t\t\t\t<a class=\"elementor-button elementor-button-link elementor-size-sm\" href=\"#elementor-action%3Aaction%3Dpopup%3Aopen%26settings%3DeyJpZCI6IjcyIiwidG9nZ2xlIjpmYWxzZX0%3D\">\n\t\t\t\t\t\t<span class=\"elementor-button-content-wrapper\">\n\t\t\t\t\t\t\t\t\t<span class=\"elementor-button-text\">dowiedz si\u0119 wi\u0119cej<\/span>\n\t\t\t\t\t<\/span>\n\t\t\t\t\t<\/a>\n\t\t\t\t<\/div>\n\t\t\t\t\t\t\t\t<\/div>\n\t\t\t\t<\/div>\n\t\t\t\t<\/div>\n\t\t<div class=\"elementor-element elementor-element-15e111a e-con-full e-flex e-con e-child\" data-id=\"15e111a\" data-element_type=\"container\">\n\t\t\t\t<div class=\"elementor-element elementor-element-028118f elementor-widget elementor-widget-image\" data-id=\"028118f\" data-element_type=\"widget\" data-widget_type=\"image.default\">\n\t\t\t\t<div class=\"elementor-widget-container\">\n\t\t\t\t\t\t\t\t\t\t\t\t\t\t\t<img fetchpriority=\"high\" decoding=\"async\" width=\"300\" height=\"259\" src=\"https:\/\/konsultacja.amaraclinics.pl\/wp-content\/uploads\/2024\/08\/paul-anita-beyonce-300x259-1.webp\" class=\"attachment-full size-full wp-image-61\" alt=\"\" \/>\t\t\t\t\t\t\t\t\t\t\t\t\t\t\t<\/div>\n\t\t\t\t<\/div>\n\t\t\t\t<\/div>\n\t\t\t\t\t<\/div>\n\t\t\t\t<\/div>\n\t\t<div class=\"elementor-element elementor-element-fc259fc e-flex e-con-boxed e-con e-parent\" data-id=\"fc259fc\" data-element_type=\"container\">\n\t\t\t\t\t<div class=\"e-con-inner\">\n\t\t<div class=\"elementor-element elementor-element-69b16cc e-con-full e-flex e-con e-child\" data-id=\"69b16cc\" data-element_type=\"container\">\n\t\t\t\t<div class=\"elementor-element elementor-element-51e247c elementor-widget elementor-widget-image\" data-id=\"51e247c\" data-element_type=\"widget\" data-widget_type=\"image.default\">\n\t\t\t\t<div class=\"elementor-widget-container\">\n\t\t\t\t\t\t\t\t\t\t\t\t\t\t\t<img decoding=\"async\" width=\"274\" height=\"300\" src=\"https:\/\/konsultacja.amaraclinics.pl\/wp-content\/uploads\/2024\/08\/KONSULTACJA-SARA-274x300-1.webp\" class=\"attachment-full size-full wp-image-62\" alt=\"\" \/>\t\t\t\t\t\t\t\t\t\t\t\t\t\t\t<\/div>\n\t\t\t\t<\/div>\n\t\t\t\t<\/div>\n\t\t<div class=\"elementor-element elementor-element-3d12664 e-con-full e-flex e-con e-child\" data-id=\"3d12664\" data-element_type=\"container\">\n\t\t\t\t<div class=\"elementor-element elementor-element-c06ebf5 elementor-widget elementor-widget-heading\" data-id=\"c06ebf5\" data-element_type=\"widget\" data-widget_type=\"heading.default\">\n\t\t\t\t<div class=\"elementor-widget-container\">\n\t\t\t\t\t<h3 class=\"elementor-heading-title elementor-size-default\">CO PANI\u0104 BOLI? Czyli zacznijmy od konsultacji<\/h3>\t\t\t\t<\/div>\n\t\t\t\t<\/div>\n\t\t\t\t<div class=\"elementor-element elementor-element-dd3b7c9 elementor-widget elementor-widget-text-editor\" data-id=\"dd3b7c9\" data-element_type=\"widget\" data-widget_type=\"text-editor.default\">\n\t\t\t\t<div class=\"elementor-widget-container\">\n\t\t\t\t\t\t\t\t\t<p>Ka\u017cda wizyta w Amara Clinic Warsaw zaczyna si\u0119 od konsultacji z lekarzem. Podczas rozmowy lekarz musi pozna\u0107 Twoje potrzeby, problemy oraz oczekiwania pacjenta aby ustali\u0107 idealny plan zabiegowy dla najlepszego rezultatu.<\/p>\n        <p>Nie ma znaczenia czy chcesz powi\u0119kszy\u0107 usta, skorygowa\u0107 asymetri\u0119 twarzy lub wykona\u0107 zastrzyki przeciwzmarszczkowe to lekarz zadecyduje czy kwalifikujesz si\u0119 do zabiegu. By\u0107 mo\u017ce zabieg kt\u00f3ry wybra\u0142a\u015b\/zobaczy\u0142a\u015b u kole\u017canki na insta wcale nie nadaje si\u0119 do korekcji problemu, kt\u00f3ry posiadasz?<\/p>\n        <p>Z do\u015bwiadczenia, \u017ce wi\u0119kszo\u015b\u0107 naszych pacjent\u00f3w w rezultacie wykonuje zupe\u0142nie inny zabieg ni\u017c ten, na kt\u00f3ry si\u0119 umawia\u0142a. A czy Tw\u00f3j lekarz potrafi powiedzie\u0107 NIE? Nasi lekarze s\u0105 bardzo asertywni a rezultaty ich pracy m\u00f3wi\u0105 same za siebie.<\/p>\t\t\t\t\t\t\t\t<\/div>\n\t\t\t\t<\/div>\n\t\t\t\t<\/div>\n\t\t\t\t\t<\/div>\n\t\t\t\t<\/div>\n\t\t\t\t<\/div>\n\t\t","protected":false},"excerpt":{"rendered":"<p>BOTOKSIARA, GLONOJAD, JASZCZUR, KARYKATURA, OD RAZU WIDA\u0106, \u017bE ZROBIONA Medycyna estetyczna to nie s\u0105 tanie rzeczy To tylko kilka z przyk\u0142ad\u00f3w przedstawiaj\u0105cych to co m\u00f3wi\u0105 o osobach korzystaj\u0105cych przesadzanie z medycyny estetycznej. A czy wiesz, \u017ce prawid\u0142owo dobrany i wykonany zabieg jest niewykrywalny go\u0142ym okiem? Zatem dlaczego na ulicach ka\u017cdego wi\u0119kszego miasta mo\u017cna spotka\u0107 wiele [&hellip;]<\/p>\n","protected":false},"author":1,"featured_media":0,"parent":0,"menu_order":0,"comment_status":"closed","ping_status":"closed","template":"","meta":{"footnotes":""},"class_list":["post-14","page","type-page","status-publish","hentry"],"_links":{"self":[{"href":"https:\/\/konsultacja.amaraclinics.pl\/index.php\/wp-json\/wp\/v2\/pages\/14","targetHints":{"allow":["GET"]}}],"collection":[{"href":"https:\/\/konsultacja.amaraclinics.pl\/index.php\/wp-json\/wp\/v2\/pages"}],"about":[{"href":"https:\/\/konsultacja.amaraclinics.pl\/index.php\/wp-json\/wp\/v2\/types\/page"}],"author":[{"embeddable":true,"href":"https:\/\/konsultacja.amaraclinics.pl\/index.php\/wp-json\/wp\/v2\/users\/1"}],"replies":[{"embeddable":true,"href":"https:\/\/konsultacja.amaraclinics.pl\/index.php\/wp-json\/wp\/v2\/comments?post=14"}],"version-history":[{"count":52,"href":"https:\/\/konsultacja.amaraclinics.pl\/index.php\/wp-json\/wp\/v2\/pages\/14\/revisions"}],"predecessor-version":[{"id":82,"href":"https:\/\/konsultacja.amaraclinics.pl\/index.php\/wp-json\/wp\/v2\/pages\/14\/revisions\/82"}],"wp:attachment":[{"href":"https:\/\/konsultacja.amaraclinics.pl\/index.php\/wp-json\/wp\/v2\/media?parent=14"}],"curies":[{"name":"wp","href":"https:\/\/api.w.org\/{rel}","templated":true}]}}